{"id":1511,"date":"2018-01-26T14:35:27","date_gmt":"2018-01-26T13:35:27","guid":{"rendered":"https:\/\/www.biodombenelux.be\/fr\/?page_id=1511"},"modified":"2020-10-21T12:37:18","modified_gmt":"2020-10-21T10:37:18","slug":"le-manuel-la-biodom","status":"publish","type":"page","link":"https:\/\/www.biodombenelux.be\/fr\/le-manuel-la-biodom\/","title":{"rendered":"Le manuel de la BIODOM"},"content":{"rendered":"[vc_row type=&#8221;full_width_background&#8221; full_screen_row_position=&#8221;middle&#8221; scene_position=&#8221;center&#8221; text_color=&#8221;dark&#8221; text_align=&#8221;left&#8221; top_padding=&#8221;75&#8243; bottom_padding=&#8221;25&#8243; overlay_strength=&#8221;0.3&#8243; shape_divider_position=&#8221;bottom&#8221;][vc_column column_padding=&#8221;no-extra-padding&#8221; column_padding_position=&#8221;all&#8221; background_color=&#8221;#fafaf5&#8243; background_color_opacity=&#8221;1&#8243; background_hover_color_opacity=&#8221;1&#8243; column_shadow=&#8221;small_depth&#8221; column_border_radius=&#8221;none&#8221; width=&#8221;1\/1&#8243; tablet_text_alignment=&#8221;default&#8221; phone_text_alignment=&#8221;default&#8221; column_border_width=&#8221;none&#8221; column_border_style=&#8221;solid&#8221;][vc_row_inner column_margin=&#8221;default&#8221; text_align=&#8221;left&#8221; css=&#8221;.vc_custom_1491301702462{background-position: center !important;background-repeat: no-repeat !important;background-size: cover !important;}&#8221;][vc_column_inner column_padding=&#8221;padding-5-percent&#8221; column_padding_position=&#8221;left-right&#8221; background_color_opacity=&#8221;1&#8243; background_hover_color_opacity=&#8221;1&#8243; column_shadow=&#8221;none&#8221; column_border_radius=&#8221;none&#8221; width=&#8221;1\/1&#8243; column_border_width=&#8221;none&#8221; column_border_style=&#8221;solid&#8221;][vc_column_text css=&#8221;.vc_custom_1516973771705{padding-top: 50px !important;padding-bottom: 20px !important;}&#8221;]\n<h2>Demande du manuel de votre BIODOM<\/h2>\n<div class=\"wpb_text_column wpb_content_element vc_custom_1492897616044\"><\/div>\n<div class=\"wpb_text_column wpb_content_element vc_custom_1491898955095\"><\/div>\n[\/vc_column_text][\/vc_column_inner][\/vc_row_inner][vc_row_inner column_margin=&#8221;default&#8221; text_align=&#8221;left&#8221; css=&#8221;.vc_custom_1493119861693{background-position: center !important;background-repeat: no-repeat !important;background-size: cover !important;}&#8221;][vc_column_inner column_padding=&#8221;padding-5-percent&#8221; column_padding_position=&#8221;left&#8221; background_color_opacity=&#8221;1&#8243; background_hover_color_opacity=&#8221;1&#8243; column_shadow=&#8221;none&#8221; column_border_radius=&#8221;none&#8221; width=&#8221;2\/6&#8243; column_border_width=&#8221;none&#8221; column_border_style=&#8221;solid&#8221;][vc_column_text css=&#8221;.vc_custom_1504267611237{padding-right: 25px !important;padding-bottom: 20px !important;}&#8221;]Vous avez des questions concernant le manuel ou vous souhaitez obtenir des informations compl\u00e9mentaires \u00e0 propos de BIODOM Benelux ?<br \/>\nContactez-nous.[\/vc_column_text][vc_column_text css=&#8221;.vc_custom_1516975815435{padding-bottom: 50px !important;}&#8221;]BIODOM\u00a0Benelux<br \/>\nRisseweg 30<br \/>\n6004 RM Weert<\/p>\n<p><strong style=\"font-style: inherit;\">T: +<\/strong>31 (0)495 56 41 43<strong><br \/>\nT<\/strong>: +31 (0)495 62 33 50<br \/>\n<strong style=\"font-style: inherit;\">M<\/strong>: info@biodombenelux.com[\/vc_column_text][\/vc_column_inner][vc_column_inner column_padding=&#8221;padding-5-percent&#8221; column_padding_position=&#8221;left-right&#8221; background_color_opacity=&#8221;1&#8243; background_hover_color_opacity=&#8221;1&#8243; column_shadow=&#8221;none&#8221; column_border_radius=&#8221;none&#8221; width=&#8221;3\/6&#8243; column_border_width=&#8221;none&#8221; column_border_style=&#8221;solid&#8221;][vc_column_text css=&#8221;.vc_custom_1516973701355{padding-bottom: 50px !important;}&#8221;]<div class=\"frm_forms  with_frm_style frm_style_formidable-style\" id=\"frm_form_19_container\" >\n<form enctype=\"multipart\/form-data\" method=\"post\" class=\"frm-show-form  frm_pro_form \" id=\"form_59e0r\" >\n<div class=\"frm_form_fields \">\n<fieldset>\n<legend class=\"frm_hidden\">BIODOM - Le manuel chaudi\u00e8re \u00e0 granul\u00e9s<\/legend>\r\n\r\n<div class=\"frm_fields_container\">\n<input type=\"hidden\" name=\"frm_action\" value=\"create\" \/>\n<input type=\"hidden\" name=\"form_id\" value=\"19\" \/>\n<input type=\"hidden\" name=\"frm_hide_fields_19\" id=\"frm_hide_fields_19\" value=\"\" \/>\n<input type=\"hidden\" name=\"form_key\" value=\"59e0r\" \/>\n<input type=\"hidden\" name=\"item_meta[0]\" value=\"\" \/>\n<input type=\"hidden\" id=\"frm_submit_entry_19\" name=\"frm_submit_entry_19\" value=\"8fbf3ffe53\" \/><input type=\"hidden\" name=\"_wp_http_referer\" value=\"\/fr\/wp-json\/wp\/v2\/pages\/1511\" \/><div id=\"frm_field_175_container\" class=\"frm_form_field form-field  frm_required_field frm_top_container\">\r\n    <label for=\"field_tmkdc\" class=\"frm_primary_label\">Type chaudi\u00e8re \u00e0 granul\u00e9s\r\n        <span class=\"frm_required\">*<\/span>\r\n    <\/label>\r\n    \t\t<select name=\"item_meta[175]\" id=\"field_tmkdc\"  data-frmval=\"BIODOM C15\" data-reqmsg=\"Dit veld mag niet leeg zijn.\" aria-required=\"true\" data-invmsg=\"Type chaudi\u00e8re \u00e0 granul\u00e9s is ongeldig\" aria-invalid=\"false\"  >\n\t\t<option  value=\"BIODOM C15\" selected='selected'>BIODOM C15<\/option><option  value=\"BIODOM LX\">BIODOM LX<\/option><option  value=\"BIODOM 27-C5\">BIODOM 27-C5<\/option><option  value=\"BIODOM 27-E\">BIODOM 27-E<\/option><option  value=\"BIODOM 27-A\">BIODOM 27-A<\/option><option  value=\"BIODOM 33\">BIODOM 33<\/option>\t<\/select>\n\t\r\n    \r\n    \r\n<\/div>\n<div id=\"frm_field_170_container\" class=\"frm_form_field form-field  frm_required_field frm_top_container\">\r\n    <label for=\"field_nhv0n\" class=\"frm_primary_label\">Pr\u00e9nom et Nom de famille\r\n        <span class=\"frm_required\">*<\/span>\r\n    <\/label>\r\n    <input  type=\"text\" id=\"field_nhv0n\" name=\"item_meta[170]\" value=\"\"  data-reqmsg=\"Dit veld mag niet leeg zijn.\" aria-required=\"true\" data-invmsg=\"Pr\u00e9nom et Nom de famille is ongeldig\" aria-invalid=\"false\"   \/>\r\n    \r\n    \r\n<\/div>\n<div id=\"frm_field_171_container\" class=\"frm_form_field form-field  frm_required_field frm_top_container\">\r\n    <label for=\"field_66a3n\" class=\"frm_primary_label\">R\u00e9sidence\r\n        <span class=\"frm_required\">*<\/span>\r\n    <\/label>\r\n    <input  type=\"text\" id=\"field_66a3n\" name=\"item_meta[171]\" value=\"\"  data-reqmsg=\"Dit veld mag niet leeg zijn.\" aria-required=\"true\" data-invmsg=\"R\u00e9sidence is ongeldig\" aria-invalid=\"false\"   \/>\r\n    \r\n    \r\n<\/div>\n<div id=\"frm_field_173_container\" class=\"frm_form_field form-field  frm_required_field frm_top_container\">\r\n    <label for=\"field_xmqgu\" class=\"frm_primary_label\">Adresse e-mail\r\n        <span class=\"frm_required\">*<\/span>\r\n    <\/label>\r\n    <input type=\"email\" id=\"field_xmqgu\" name=\"item_meta[173]\" value=\"\"  data-reqmsg=\"Dit veld mag niet leeg zijn.\" aria-required=\"true\" data-invmsg=\"Adresse e-mail is ongeldig\" aria-invalid=\"false\"  \/>\r\n    \r\n    \r\n<\/div>\n<div id=\"frm_field_176_container\" class=\"frm_form_field form-field  frm_required_field frm_top_container\">\n    <label for=\"field_x3900\" class=\"frm_primary_label\">Num\u00e9ro de t\u00e9l\u00e9phone\n        <span class=\"frm_required\">*<\/span>\n    <\/label>\n    <input type=\"tel\" id=\"field_x3900\" name=\"item_meta[176]\" value=\"\"  data-reqmsg=\"Dit veld mag niet leeg zijn.\" aria-required=\"true\" data-invmsg=\"Num\u00e9ro de t\u00e9l\u00e9phone is ongeldig\" aria-invalid=\"false\" pattern=\"((\\+\\d{1,3}(-|.| )?\\(?\\d\\)?(-| |.)?\\d{1,5})|(\\(?\\d{2,6}\\)?))(-|.| )?(\\d{3,4})(-|.| )?(\\d{4})(( x| ext)\\d{1,5}){0,1}$\"  \/>\n    \n    \n<\/div>\n<div id=\"frm_field_182_container\" class=\"frm_form_field form-field  frm_required_field frm_none_container vertical_radio\">\n    <label for=\"field_1g294\" class=\"frm_primary_label\">Confidentialit\u00e9\n        <span class=\"frm_required\">*<\/span>\n    <\/label>\n    <div class=\"frm_opt_container\">\t\t<div class=\"frm_checkbox\" id=\"frm_checkbox_182-0\">\t\t\t<label  for=\"field_1g294-0\">\n\t\t\t<input type=\"checkbox\" name=\"item_meta[182][]\" id=\"field_1g294-0\" value=\"En envoyant votre message, vous confirmez que vous acceptez le stockage et le traitement de vos donn\u00e9es personnelles par Biodom Benelux, comme indiqu\u00e9 dans &lt;a href=&quot;\/fr\/politique-de-confidentialite\/&quot; target=&quot;_blank&quot;&gt;la d\u00e9claration de confidentialit\u00e9&lt;\/a&gt;. *&lt;\/a&gt;\"  data-reqmsg=\"Dit veld mag niet leeg zijn.\" data-invmsg=\"Confidentialit\u00e9 is ongeldig\"   aria-required=\"true\"  \/> En envoyant votre message, vous confirmez que vous acceptez le stockage et le traitement de vos donn\u00e9es personnelles par Biodom Benelux, comme indiqu\u00e9 dans <a href=\"\/fr\/politique-de-confidentialite\/\" target=\"_blank\">la d\u00e9claration de confidentialit\u00e9<\/a>. *<\/a><\/label><\/div>\n<\/div>\n    \n    \n<\/div>\n<div id=\"frm_field_187_container\" class=\"frm_form_field form-field  frm_none_container\">\n    <div  id=\"field_rykv_label\" class=\"frm_primary_label\">reCAPTCHA\n        <span class=\"frm_required\"><\/span>\n    <\/div>\n    <div  id=\"field_rykv\" class=\"frm-g-recaptcha\" data-sitekey=\"6LeKVsYqAAAAABIBDGvVgktlXEr5BgA1HYU7B8IP\" data-size=\"invisible\" data-theme=\"light\"><\/div>\n    \n    \n<\/div>\n\t<input type=\"hidden\" name=\"item_key\" value=\"\" \/>\n\t\t\t<div id=\"frm_field_190_container\">\n\t\t\t<label for=\"field_wz0fn\" >\n\t\t\t\tIndien je een mens bent, laat dit veld leeg:.\t\t\t<\/label>\n\t\t\t<input  id=\"field_wz0fn\" type=\"text\" class=\"frm_form_field form-field frm_verify\" name=\"item_meta[190]\" value=\"\"  \/>\n\t\t<\/div>\n\t\t<input name=\"frm_state\" type=\"hidden\" value=\"6iHKttWMKLuq05\/ZBO8jdIWY3x9n\/NSYKEQz+WVNQ1vbGlbMcp+4Jb5ReHtlhWmNcOD3cZH22PZ9o6JIPeo4GgzFDe6GISOgWt6S32z3FDI=\" \/><div class=\"frm_submit\">\r\n\r\n<button class=\"frm_button_submit frm_final_submit\" type=\"submit\"   formnovalidate=\"formnovalidate\">Envoyer<\/button>\r\n\r\n<\/div><\/div>\n<\/fieldset>\n<\/div>\n\n<\/form>\n<\/div>\n[\/vc_column_text][\/vc_column_inner][vc_column_inner column_padding=&#8221;no-extra-padding&#8221; column_padding_position=&#8221;all&#8221; background_color_opacity=&#8221;1&#8243; background_hover_color_opacity=&#8221;1&#8243; column_shadow=&#8221;none&#8221; column_border_radius=&#8221;none&#8221; width=&#8221;1\/6&#8243; column_border_width=&#8221;none&#8221; column_border_style=&#8221;solid&#8221;][\/vc_column_inner][\/vc_row_inner][\/vc_column][\/vc_row][vc_row type=&#8221;full_width_background&#8221; full_screen_row_position=&#8221;middle&#8221; equal_height=&#8221;yes&#8221; scene_position=&#8221;center&#8221; text_color=&#8221;dark&#8221; text_align=&#8221;left&#8221; bottom_padding=&#8221;50&#8243; overlay_strength=&#8221;0.3&#8243; shape_divider_position=&#8221;bottom&#8221;][vc_column column_padding=&#8221;no-extra-padding&#8221; column_padding_position=&#8221;all&#8221; background_color=&#8221;#3aa54e&#8221; background_color_opacity=&#8221;1&#8243; background_color_hover=&#8221;#2c803c&#8221; background_hover_color_opacity=&#8221;1&#8243; column_shadow=&#8221;small_depth&#8221; column_border_radius=&#8221;none&#8221; bottom_margin=&#8221;25&#8243; el_class=&#8221;topblokker-kleur&#8221; width=&#8221;1\/3&#8243; tablet_text_alignment=&#8221;default&#8221; phone_text_alignment=&#8221;default&#8221; column_border_width=&#8221;none&#8221; column_border_style=&#8221;solid&#8221; column_link=&#8221;https:\/\/www.biodombenelux.be\/fr\/les-chaudieres-a-pellets\/&#8221;][vc_column_text css=&#8221;.vc_custom_1504267654234{padding-top: 50px !important;padding-bottom: 20px !important;}&#8221;]\n<h4 style=\"text-align: center;\">D\u00e9couvrez notre offre compl\u00e8te<\/h4>\n[\/vc_column_text][vc_column_text css=&#8221;.vc_custom_1504267674406{padding-bottom: 20px !important;}&#8221;]\n<p style=\"text-align: center;\">Pour \u00eatre s\u00fbr du choix<br \/>\nque vous faites<\/p>\n[\/vc_column_text][vc_column_text css=&#8221;.vc_custom_1491297413225{padding-bottom: 50px !important;}&#8221;]<img loading=\"lazy\" decoding=\"async\" class=\"size-full wp-image-169 aligncenter\" src=\"https:\/\/www.biodombenelux.be\/fr\/wp-content\/uploads\/2017\/03\/arrow-black.png\" alt=\"\" width=\"91\" height=\"41\" \/>[\/vc_column_text][\/vc_column][vc_column column_padding=&#8221;no-extra-padding&#8221; column_padding_position=&#8221;all&#8221; background_color=&#8221;#3aa54e&#8221; background_color_opacity=&#8221;1&#8243; background_color_hover=&#8221;#2c803c&#8221; background_hover_color_opacity=&#8221;1&#8243; column_shadow=&#8221;small_depth&#8221; column_border_radius=&#8221;none&#8221; bottom_margin=&#8221;25&#8243; el_class=&#8221;topblokker-kleur&#8221; width=&#8221;1\/3&#8243; tablet_text_alignment=&#8221;default&#8221; phone_text_alignment=&#8221;default&#8221; column_border_width=&#8221;none&#8221; column_border_style=&#8221;solid&#8221; column_link=&#8221;https:\/\/www.biodombenelux.be\/fr\/a-propos-de-nous\/&#8221;][vc_column_text css=&#8221;.vc_custom_1504267856523{padding-top: 50px !important;padding-bottom: 20px !important;}&#8221;]\n<h4 style=\"text-align: center;\">En savoir plus sur<br \/>\nBIODOM Benelux?<\/h4>\n[\/vc_column_text][vc_column_text css=&#8221;.vc_custom_1504267725053{padding-bottom: 20px !important;}&#8221;]\n<p style=\"text-align: center;\">Contactez-nous<\/p>\n[\/vc_column_text][vc_column_text css=&#8221;.vc_custom_1491297413225{padding-bottom: 50px !important;}&#8221;]<img loading=\"lazy\" decoding=\"async\" class=\"size-full wp-image-169 aligncenter\" src=\"https:\/\/www.biodombenelux.be\/fr\/wp-content\/uploads\/2017\/03\/arrow-black.png\" alt=\"\" width=\"91\" height=\"41\" \/>[\/vc_column_text][\/vc_column][vc_column column_padding=&#8221;no-extra-padding&#8221; column_padding_position=&#8221;all&#8221; background_color=&#8221;#fe940f&#8221; background_color_opacity=&#8221;1&#8243; background_color_hover=&#8221;#e98200&#8243; background_hover_color_opacity=&#8221;1&#8243; column_shadow=&#8221;small_depth&#8221; column_border_radius=&#8221;none&#8221; bottom_margin=&#8221;25&#8243; el_class=&#8221;topblokker-kleur&#8221; width=&#8221;1\/3&#8243; tablet_text_alignment=&#8221;default&#8221; phone_text_alignment=&#8221;default&#8221; column_border_width=&#8221;none&#8221; column_border_style=&#8221;solid&#8221; column_link=&#8221;https:\/\/www.biodombenelux.be\/fr\/distributeurs-pres-de-chez-vous\/&#8221;][vc_column_text css=&#8221;.vc_custom_1504267863183{padding-top: 50px !important;padding-bottom: 20px !important;}&#8221;]\n<h4 style=\"text-align: center;\">Vous cherchez<br \/>\nun distributeur?<\/h4>\n[\/vc_column_text][vc_column_text css=&#8221;.vc_custom_1504267839310{padding-bottom: 20px !important;}&#8221;]\n<p style=\"text-align: center;\">Voici la liste des distributeurs<br \/>\nagr\u00e9\u00e9s pr\u00e8s de chez vous<\/p>\n[\/vc_column_text][vc_column_text css=&#8221;.vc_custom_1491297413225{padding-bottom: 50px !important;}&#8221;]<img loading=\"lazy\" decoding=\"async\" class=\"size-full wp-image-169 aligncenter\" src=\"https:\/\/www.biodombenelux.be\/fr\/wp-content\/uploads\/2017\/03\/arrow-black.png\" alt=\"\" width=\"91\" height=\"41\" \/>[\/vc_column_text][\/vc_column][\/vc_row][vc_row type=&#8221;full_width_background&#8221; full_screen_row_position=&#8221;middle&#8221; scene_position=&#8221;top&#8221; text_color=&#8221;dark&#8221; text_align=&#8221;left&#8221; overlay_strength=&#8221;0.3&#8243; shape_divider_position=&#8221;bottom&#8221;][vc_column column_padding=&#8221;no-extra-padding&#8221; column_padding_position=&#8221;all&#8221; background_color=&#8221;#ffffff&#8221; background_color_opacity=&#8221;1&#8243; background_hover_color_opacity=&#8221;1&#8243; column_shadow=&#8221;none&#8221; column_border_radius=&#8221;none&#8221; width=&#8221;1\/1&#8243; tablet_text_alignment=&#8221;default&#8221; phone_text_alignment=&#8221;default&#8221; column_border_width=&#8221;none&#8221; column_border_style=&#8221;solid&#8221;][\/vc_column][\/vc_row]\n","protected":false},"excerpt":{"rendered":"<p>[vc_row type=&#8221;full_width_background&#8221; full_screen_row_position=&#8221;middle&#8221; scene_position=&#8221;center&#8221; text_color=&#8221;dark&#8221; text_align=&#8221;left&#8221; top_padding=&#8221;75&#8243; bottom_padding=&#8221;25&#8243; overlay_strength=&#8221;0.3&#8243; shape_divider_position=&#8221;bottom&#8221;][vc_column column_padding=&#8221;no-extra-padding&#8221; column_padding_position=&#8221;all&#8221; background_color=&#8221;#fafaf5&#8243; background_color_opacity=&#8221;1&#8243; background_hover_color_opacity=&#8221;1&#8243; column_shadow=&#8221;small_depth&#8221; column_border_radius=&#8221;none&#8221; width=&#8221;1\/1&#8243; tablet_text_alignment=&#8221;default&#8221; phone_text_alignment=&#8221;default&#8221; column_border_width=&#8221;none&#8221; column_border_style=&#8221;solid&#8221;][vc_row_inner column_margin=&#8221;default&#8221; text_align=&#8221;left&#8221; css=&#8221;.vc_custom_1491301702462{background-position: center !important;background-repeat: no-repeat !important;background-size: cover&#8230;<\/p>\n","protected":false},"author":6,"featured_media":0,"parent":0,"menu_order":0,"comment_status":"closed","ping_status":"closed","template":"","meta":{"footnotes":""},"class_list":["post-1511","page","type-page","status-publish"],"yoast_head":"<!-- This site is optimized with the Yoast SEO plugin v27.5 - https:\/\/yoast.com\/product\/yoast-seo-wordpress\/ -->\n<title>manuel de la chaudi\u00e8re \u00e0 pellets Biodom | demander biodombenelux.be\/fr<\/title>\n<meta name=\"description\" content=\"Des questions sur la chaudi\u00e8re \u00e0 granul\u00e9s Biodom ou voulez-vous le manuel? Rendez-vous sur notre site biodombenelux.be\/fr \u2713 Nous aimons vous aider\" \/>\n<meta name=\"robots\" content=\"index, follow, max-snippet:-1, max-image-preview:large, max-video-preview:-1\" \/>\n<link rel=\"canonical\" href=\"https:\/\/www.biodombenelux.be\/fr\/le-manuel-la-biodom\/\" \/>\n<meta property=\"og:locale\" content=\"nl_NL\" \/>\n<meta property=\"og:type\" content=\"article\" \/>\n<meta property=\"og:title\" content=\"manuel de la chaudi\u00e8re \u00e0 pellets Biodom | demander biodombenelux.be\/fr\" \/>\n<meta property=\"og:description\" content=\"Des questions sur la chaudi\u00e8re \u00e0 granul\u00e9s Biodom ou voulez-vous le manuel? Rendez-vous sur notre site biodombenelux.be\/fr \u2713 Nous aimons vous aider\" \/>\n<meta property=\"og:url\" content=\"https:\/\/www.biodombenelux.be\/fr\/le-manuel-la-biodom\/\" \/>\n<meta property=\"og:site_name\" content=\"BIODOM Benelux\" \/>\n<meta property=\"article:modified_time\" content=\"2020-10-21T10:37:18+00:00\" \/>\n<meta property=\"og:image\" content=\"https:\/\/www.biodombenelux.be\/fr\/wp-content\/uploads\/2017\/03\/arrow-black.png\" \/>\n<meta name=\"twitter:card\" content=\"summary_large_image\" \/>\n<meta name=\"twitter:label1\" content=\"Geschatte leestijd\" \/>\n\t<meta name=\"twitter:data1\" content=\"4 minuten\" \/>\n<script type=\"application\/ld+json\" class=\"yoast-schema-graph\">{\"@context\":\"https:\\\/\\\/schema.org\",\"@graph\":[{\"@type\":\"WebPage\",\"@id\":\"https:\\\/\\\/www.biodombenelux.be\\\/fr\\\/le-manuel-la-biodom\\\/\",\"url\":\"https:\\\/\\\/www.biodombenelux.be\\\/fr\\\/le-manuel-la-biodom\\\/\",\"name\":\"manuel de la chaudi\u00e8re \u00e0 pellets Biodom | demander biodombenelux.be\\\/fr\",\"isPartOf\":{\"@id\":\"https:\\\/\\\/www.biodombenelux.be\\\/fr\\\/#website\"},\"primaryImageOfPage\":{\"@id\":\"https:\\\/\\\/www.biodombenelux.be\\\/fr\\\/le-manuel-la-biodom\\\/#primaryimage\"},\"image\":{\"@id\":\"https:\\\/\\\/www.biodombenelux.be\\\/fr\\\/le-manuel-la-biodom\\\/#primaryimage\"},\"thumbnailUrl\":\"https:\\\/\\\/www.biodombenelux.be\\\/fr\\\/wp-content\\\/uploads\\\/2017\\\/03\\\/arrow-black.png\",\"datePublished\":\"2018-01-26T13:35:27+00:00\",\"dateModified\":\"2020-10-21T10:37:18+00:00\",\"description\":\"Des questions sur la chaudi\u00e8re \u00e0 granul\u00e9s Biodom ou voulez-vous le manuel? Rendez-vous sur notre site biodombenelux.be\\\/fr \u2713 Nous aimons vous aider\",\"breadcrumb\":{\"@id\":\"https:\\\/\\\/www.biodombenelux.be\\\/fr\\\/le-manuel-la-biodom\\\/#breadcrumb\"},\"inLanguage\":\"nl-NL\",\"potentialAction\":[{\"@type\":\"ReadAction\",\"target\":[\"https:\\\/\\\/www.biodombenelux.be\\\/fr\\\/le-manuel-la-biodom\\\/\"]}]},{\"@type\":\"ImageObject\",\"inLanguage\":\"nl-NL\",\"@id\":\"https:\\\/\\\/www.biodombenelux.be\\\/fr\\\/le-manuel-la-biodom\\\/#primaryimage\",\"url\":\"https:\\\/\\\/www.biodombenelux.be\\\/fr\\\/wp-content\\\/uploads\\\/2017\\\/03\\\/arrow-black.png\",\"contentUrl\":\"https:\\\/\\\/www.biodombenelux.be\\\/fr\\\/wp-content\\\/uploads\\\/2017\\\/03\\\/arrow-black.png\",\"width\":91,\"height\":41},{\"@type\":\"BreadcrumbList\",\"@id\":\"https:\\\/\\\/www.biodombenelux.be\\\/fr\\\/le-manuel-la-biodom\\\/#breadcrumb\",\"itemListElement\":[{\"@type\":\"ListItem\",\"position\":1,\"name\":\"Home\",\"item\":\"https:\\\/\\\/www.biodombenelux.be\\\/fr\\\/\"},{\"@type\":\"ListItem\",\"position\":2,\"name\":\"Le manuel de la BIODOM\"}]},{\"@type\":\"WebSite\",\"@id\":\"https:\\\/\\\/www.biodombenelux.be\\\/fr\\\/#website\",\"url\":\"https:\\\/\\\/www.biodombenelux.be\\\/fr\\\/\",\"name\":\"BIODOM Benelux\",\"description\":\"\",\"potentialAction\":[{\"@type\":\"SearchAction\",\"target\":{\"@type\":\"EntryPoint\",\"urlTemplate\":\"https:\\\/\\\/www.biodombenelux.be\\\/fr\\\/?s={search_term_string}\"},\"query-input\":{\"@type\":\"PropertyValueSpecification\",\"valueRequired\":true,\"valueName\":\"search_term_string\"}}],\"inLanguage\":\"nl-NL\"}]}<\/script>\n<!-- \/ Yoast SEO plugin. -->","yoast_head_json":{"title":"manuel de la chaudi\u00e8re \u00e0 pellets Biodom | demander biodombenelux.be\/fr","description":"Des questions sur la chaudi\u00e8re \u00e0 granul\u00e9s Biodom ou voulez-vous le manuel? Rendez-vous sur notre site biodombenelux.be\/fr \u2713 Nous aimons vous aider","robots":{"index":"index","follow":"follow","max-snippet":"max-snippet:-1","max-image-preview":"max-image-preview:large","max-video-preview":"max-video-preview:-1"},"canonical":"https:\/\/www.biodombenelux.be\/fr\/le-manuel-la-biodom\/","og_locale":"nl_NL","og_type":"article","og_title":"manuel de la chaudi\u00e8re \u00e0 pellets Biodom | demander biodombenelux.be\/fr","og_description":"Des questions sur la chaudi\u00e8re \u00e0 granul\u00e9s Biodom ou voulez-vous le manuel? Rendez-vous sur notre site biodombenelux.be\/fr \u2713 Nous aimons vous aider","og_url":"https:\/\/www.biodombenelux.be\/fr\/le-manuel-la-biodom\/","og_site_name":"BIODOM Benelux","article_modified_time":"2020-10-21T10:37:18+00:00","og_image":[{"url":"https:\/\/www.biodombenelux.be\/fr\/wp-content\/uploads\/2017\/03\/arrow-black.png","type":"","width":"","height":""}],"twitter_card":"summary_large_image","twitter_misc":{"Geschatte leestijd":"4 minuten"},"schema":{"@context":"https:\/\/schema.org","@graph":[{"@type":"WebPage","@id":"https:\/\/www.biodombenelux.be\/fr\/le-manuel-la-biodom\/","url":"https:\/\/www.biodombenelux.be\/fr\/le-manuel-la-biodom\/","name":"manuel de la chaudi\u00e8re \u00e0 pellets Biodom | demander biodombenelux.be\/fr","isPartOf":{"@id":"https:\/\/www.biodombenelux.be\/fr\/#website"},"primaryImageOfPage":{"@id":"https:\/\/www.biodombenelux.be\/fr\/le-manuel-la-biodom\/#primaryimage"},"image":{"@id":"https:\/\/www.biodombenelux.be\/fr\/le-manuel-la-biodom\/#primaryimage"},"thumbnailUrl":"https:\/\/www.biodombenelux.be\/fr\/wp-content\/uploads\/2017\/03\/arrow-black.png","datePublished":"2018-01-26T13:35:27+00:00","dateModified":"2020-10-21T10:37:18+00:00","description":"Des questions sur la chaudi\u00e8re \u00e0 granul\u00e9s Biodom ou voulez-vous le manuel? Rendez-vous sur notre site biodombenelux.be\/fr \u2713 Nous aimons vous aider","breadcrumb":{"@id":"https:\/\/www.biodombenelux.be\/fr\/le-manuel-la-biodom\/#breadcrumb"},"inLanguage":"nl-NL","potentialAction":[{"@type":"ReadAction","target":["https:\/\/www.biodombenelux.be\/fr\/le-manuel-la-biodom\/"]}]},{"@type":"ImageObject","inLanguage":"nl-NL","@id":"https:\/\/www.biodombenelux.be\/fr\/le-manuel-la-biodom\/#primaryimage","url":"https:\/\/www.biodombenelux.be\/fr\/wp-content\/uploads\/2017\/03\/arrow-black.png","contentUrl":"https:\/\/www.biodombenelux.be\/fr\/wp-content\/uploads\/2017\/03\/arrow-black.png","width":91,"height":41},{"@type":"BreadcrumbList","@id":"https:\/\/www.biodombenelux.be\/fr\/le-manuel-la-biodom\/#breadcrumb","itemListElement":[{"@type":"ListItem","position":1,"name":"Home","item":"https:\/\/www.biodombenelux.be\/fr\/"},{"@type":"ListItem","position":2,"name":"Le manuel de la BIODOM"}]},{"@type":"WebSite","@id":"https:\/\/www.biodombenelux.be\/fr\/#website","url":"https:\/\/www.biodombenelux.be\/fr\/","name":"BIODOM Benelux","description":"","potentialAction":[{"@type":"SearchAction","target":{"@type":"EntryPoint","urlTemplate":"https:\/\/www.biodombenelux.be\/fr\/?s={search_term_string}"},"query-input":{"@type":"PropertyValueSpecification","valueRequired":true,"valueName":"search_term_string"}}],"inLanguage":"nl-NL"}]}},"_links":{"self":[{"href":"https:\/\/www.biodombenelux.be\/fr\/wp-json\/wp\/v2\/pages\/1511","targetHints":{"allow":["GET"]}}],"collection":[{"href":"https:\/\/www.biodombenelux.be\/fr\/wp-json\/wp\/v2\/pages"}],"about":[{"href":"https:\/\/www.biodombenelux.be\/fr\/wp-json\/wp\/v2\/types\/page"}],"author":[{"embeddable":true,"href":"https:\/\/www.biodombenelux.be\/fr\/wp-json\/wp\/v2\/users\/6"}],"replies":[{"embeddable":true,"href":"https:\/\/www.biodombenelux.be\/fr\/wp-json\/wp\/v2\/comments?post=1511"}],"version-history":[{"count":3,"href":"https:\/\/www.biodombenelux.be\/fr\/wp-json\/wp\/v2\/pages\/1511\/revisions"}],"predecessor-version":[{"id":1532,"href":"https:\/\/www.biodombenelux.be\/fr\/wp-json\/wp\/v2\/pages\/1511\/revisions\/1532"}],"wp:attachment":[{"href":"https:\/\/www.biodombenelux.be\/fr\/wp-json\/wp\/v2\/media?parent=1511"}],"curies":[{"name":"wp","href":"https:\/\/api.w.org\/{rel}","templated":true}]}}